{"id":415,"date":"2015-11-17T04:19:36","date_gmt":"2015-11-17T04:19:36","guid":{"rendered":"http:\/\/logistics.stylemixthemes.com\/\/?page_id=415"},"modified":"2024-03-26T07:00:02","modified_gmt":"2024-03-26T06:00:02","slug":"about-us","status":"publish","type":"page","link":"https:\/\/seaneverdryservices.com\/index.php\/about-us\/","title":{"rendered":"About Us"},"content":{"rendered":"<div class=\"wpb-content-wrapper\"><p>[vc_row][vc_column][vc_row_inner css=\u00a0\u00bb.vc_custom_1449140720718{margin-bottom: 0px !important;}\u00a0\u00bb][vc_column_inner offset=\u00a0\u00bbvc_hidden-xs\u00a0\u00bb css=\u00a0\u00bb.vc_custom_1449140656921{margin-bottom: 80px !important;}\u00a0\u00bb][rev_slider_vc alias=\u00a0\u00bbabout_us_slider\u00a0\u00bb][vc_column_text css=\u00a0\u00bb.vc_custom_1711087705499{margin-bottom: 30px !important;}\u00a0\u00bb]<span style=\"font-size: 18pt;\"><strong>\u00c0 propos de nous &#8211; Sea Never Dry Maritime Services<\/strong><\/span><\/p>\n<p>&nbsp;<\/p>\n<p><span style=\"font-size: 12pt;\">Sea Never Dry Maritime Services<\/span> a \u00e9t\u00e9 cr\u00e9\u00e9 pour r\u00e9pondre \u00e0 la demande de services efficaces dans le secteur maritime au Togo. Il r\u00e9sulte de la combinaison des forces, des exp\u00e9riences et des connaissances des professionnels du secteur maritime qui souhaitent offrir un nouveau souffle, une alternative et une vision dans le secteur de la sous-r\u00e9gion. Seat Never Dry Sarl s&rsquo;est rapidement impos\u00e9 comme l&rsquo;un des principaux fournisseurs de services maritimes les plus innovants et agence maritime au Togo. Le d\u00e9fi d&rsquo;\u00eatre un pionnier dans la fourniture autochtone de services d&rsquo;agence de navires-citernes de haute professionnalisme, d&rsquo;approvisionnement et de services d&rsquo;agence de navires de cargaison g\u00e9n\u00e9rale \u00e9tait la principale pr\u00e9occupation des fondateurs. Ce d\u00e9fi a conduit les fondateurs \u00e0 \u00e9tendre leurs services aux pays voisins afin de fournir un r\u00e9seau et des services tr\u00e8s fiables \u00e0 leurs clients.[\/vc_column_text][\/vc_column_inner][\/vc_row_inner][vc_row_inner css=\u00a0\u00bb.vc_custom_1448605934156{margin-bottom: 80px !important;}\u00a0\u00bb][vc_column_inner][vc_custom_heading text=\u00a0\u00bbNos Services\u00a0\u00bb use_theme_fonts=\u00a0\u00bbyes\u00a0\u00bb][vc_column_text css=\u00a0\u00bb.vc_custom_1711247630146{margin-bottom: 30px !important;}\u00a0\u00bb]<span style=\"font-size: 14pt;\"><strong>OP\u00c9RATIONS STS<\/strong><\/span><\/p>\n<p>SEA NEVER DRY vous propose la manipulation d&rsquo;ancre, le lancement, l&rsquo;approvisionnement des navires offshore et le remorquage et sauvetage international avec nos propres remorqueurs.<\/p>\n<p><span style=\"font-size: 14pt;\"><strong>OP\u00c9RATION DE CHANGEMENT D&rsquo;\u00c9QUIPAGE<\/strong><\/span><\/p>\n<p>SEA NEVER DRY vous offre ses services de r\u00e9ception et d&rsquo;assistance en mati\u00e8re de rel\u00e8ve d&rsquo;\u00e9quipage pour tous types de navires transitant par le port de Lom\u00e9.<br \/>\n\u2022 Nous organisons la r\u00e9ception et assistons votre \u00e9quipage \u00e0 leur arriv\u00e9e.<br \/>\n\u2022 Nous organisons le transport de votre \u00e9quipage depuis le navire jusqu&rsquo;aux h\u00f4tels en minibus au d\u00e9but et \u00e0 la fin de leur s\u00e9jour.<br \/>\n\u2022 Nous proposons les meilleurs h\u00f4tels pour leur h\u00e9bergement en tenant compte de la qualit\u00e9, du tarif journalier et de la proximit\u00e9 avec le navire.<br \/>\n\u2022 Afin d&rsquo;assurer un embarquement et un d\u00e9barquement dans de bonnes conditions, veuillez nous informer au moins 24 heures \u00e0 l&rsquo;avance pour effectuer les formalit\u00e9s n\u00e9cessaires.<\/p>\n<p><span style=\"font-size: 14pt;\"><strong>ENL\u00c8VEMENT DES<\/strong><strong>D\u00c9CHETS<\/strong><strong>\u00a0<\/strong><\/span><\/p>\n<p>SEA NEVER DRY peut organiser l&rsquo;\u00e9limination des d\u00e9chets, des d\u00e9chets et des produits dangereux de mani\u00e8re s\u00fbre et efficace tout en respectant l&rsquo;environnement. Cette op\u00e9ration est d\u00fbment surveill\u00e9e par des services tels que :<br \/>\n\u27a2 ENVIRONNEMENT<br \/>\n\u27a2 BRIGADE MARITIME<br \/>\n\u27a2 H\u00d4TEL DE VILLE<\/p>\n<p><span style=\"font-size: 14pt;\"><strong>LIVRAISON DE PI\u00c8CES DE RECHANGE POUR NAVIRES<\/strong><\/span><\/p>\n<p>Chez SEA NEVER DRY, nous fournissons en temps opportun diverses cat\u00e9gories de consommables de cabine, de pont et de moteur ainsi que des pi\u00e8ces de rechange, des produits de haute qualit\u00e9 \u00e0 des prix comp\u00e9titifs dont le navire a besoin en port ou en mer.<\/p>\n<p><span style=\"font-size: 14pt;\"><strong>APPROVISIONNEMENT EN EAU DOUCE<\/strong><\/span><\/p>\n<p>Nous approvisionnons \u00e9galement les navires rad sur nos c\u00f4tes en eau douce selon les besoins.<\/p>\n<p><span style=\"font-size: 14pt;\"><strong>MANIPULATION DES NAVIRES, APPROVISIONNEMENT DES NAVIRES<\/strong><\/span><\/p>\n<p>Nous organisons la livraison rapide de provisions et de stocks selon les besoins exprim\u00e9s par l&rsquo;\u00e9quipage des navires, nous fournissons des articles sur mesure pour r\u00e9pondre \u00e0 votre budget : lingerie, produits de nettoyage, literie, produits de nettoyage et mat\u00e9riaux, ustensiles et couverts.<br \/>\n\u00c9quipement technique tel que des dispositifs d&rsquo;arrimage, des cordes et des haubans, des ancres, des cha\u00eenes, des tuyauteries et des \u00e9quipements d&rsquo;assemblage, des peintures et des produits chimiques marins, des lampes, des c\u00e2bles, des tuyaux, des raccords, des paliers, des outils \u00e9lectriques et hydrauliques, des outils \u00e0 main et de coupe, de l&rsquo;acier et des m\u00e9taux, des lubrifiants et des nettoyants, de l&#8217;emballage et de la jonction, des mat\u00e9riaux de soudage et des magasins pour les \u00e9quipes.<\/p>\n<p><span style=\"font-size: 14pt;\"><strong>REPR\u00c9SENTATION ET LOGISTIQUE MARITIMES<\/strong><\/span><\/p>\n<p>SEA NEVER DRY assure pour vous lors de votre escale au port de Lom\u00e9 avec les autorit\u00e9s locales toutes les proc\u00e9dures obligatoires pour<br \/>\n\u2022 Pr\u00e9parer et finaliser la documentation n\u00e9cessaire afin d&rsquo;obtenir des autorisations pour la consignation des marchandises, le d\u00e9douanement, etc. avec l&rsquo;autorit\u00e9 portuaire ;<br \/>\n\u2022 Approvisionnement, rel\u00e8ve d&rsquo;\u00e9quipage, logistique et livraison de marchandises ;<br \/>\n\u2022 Courtage maritime ;<br \/>\n\u2022 Transactions commerciales entre le transporteur et l&rsquo;exp\u00e9diteur.<br \/>\nChez SEA NEVER DRY, nous disposons de magasins et d&rsquo;entrep\u00f4ts de stockage sur une superficie de 300 m\u00b2 permettant le stockage des marchandises de nos clients. Nous proposons \u00e9galement un espace ext\u00e9rieur de 500 m\u00b2 pouvant accueillir des conteneurs de 20\u2019\u2019et 40\u2019\u2019.<\/p>\n<p><strong><span style=\"font-size: 14pt;\">PLUS DE SERVICES OFFSHORE<\/span><\/strong><\/p>\n<p>SEA NEVER DRY met \u00e0 votre disposition ses ann\u00e9es d&rsquo;exp\u00e9rience dans le domaine maritime, donc, en plus des services maritimes habituels, nous sommes \u00e0 votre disposition pour tout autre service dans le secteur maritime tel que :<br \/>\n\u2022 Service de s\u00e9curit\u00e9 en tant qu&rsquo;escorte arm\u00e9e ou \u00e0 bord de votre navire avec une protection totale. En accord avec les autorit\u00e9s togolaises ;<br \/>\n\u2022 Assistance m\u00e9dicale, etc. ;<br \/>\n\u2022 Nettoyage de coques ;<br \/>\n\u2022 Le transfert de marchandises entre les navires en mer positionn\u00e9s c\u00f4te \u00e0 c\u00f4te, que ce soit \u00e0 l&rsquo;arr\u00eat ou en cours ;<br \/>\n\u2022 Approvisionnement en toutes sortes de peintures marines, moteur principal, moteur auxiliaire, compresseur d&rsquo;huile, paires de paliers, \u00e9changeurs de chaleur,<br \/>\nla boutique de la plateforme et la corde du matin<br \/>\n\u2022 Ramasser les frais de livraison pour esp\u00e8ces au ma\u00eetre (frais bancaires + assurance + manutention).<br \/>\nSND-MS g\u00e8re tous les types de services offshore \u00e0 tout moment de la journ\u00e9e.<\/p>\n<p><strong><span style=\"font-size: 14pt;\">LOCATION DE BATEAUX<\/span><\/strong><\/p>\n<p>Afin d&rsquo;assurer un service ponctuel, SND MS s&rsquo;est \u00e9quip\u00e9 de plusieurs barques et bateaux et d&rsquo;une \u00e9quipe tr\u00e8s d\u00e9termin\u00e9e. \u00c0 savoir : FAVOR 1 ; FAVOR EXPRESS 2 ; M\/V SATORI et d&rsquo;autres en partenariat.<br \/>\nSEA NEVER DRY \u201cLocation de bateaux\u201d est la session de location de bateaux, en croissance constante, sa priorit\u00e9 est de fournir des services de qualit\u00e9 \u00e0 des prix abordables et des conditions flexibles, combin\u00e9s \u00e0 un support technique 24 heures sur 24. Nous sommes tr\u00e8s clairs sur les termes et conditions de nos locations, sans frais cach\u00e9s et de nombreuses offres pour nos clients fid\u00e8les. Notre flotte se compose d&rsquo;une vari\u00e9t\u00e9 de bateaux, r\u00e9pondant \u00e0 tous les besoins et exigences. Nous accordons une grande attention \u00e0 notre service.<\/p>\n<p><span style=\"font-size: 14pt;\"><strong>APPROVISIONNEMENT EN CARBURANT<\/strong><\/span><\/p>\n<p>SEA NEVER DRY, par le biais de sa soci\u00e9t\u00e9 affili\u00e9e en charge de l&rsquo;approvisionnement en combustible, accepte les commandes de combustible et de lubrifiants. Nous nous assurons que les autorisations n\u00e9cessaires sont obtenues<br \/>\ntemps pour une livraison sans tracas de cargaison et de lubrifiants.<\/p>\n<p><strong><span style=\"font-size: 14pt;\">\u00a0LIMACE ET PENTE<\/span><\/strong><\/p>\n<p>Nous, chez Sea Never Dry Maritime Services, offrons \u00e0 nos clients des services \u00e0 haute valeur ajout\u00e9e.<br \/>\nToutes nos op\u00e9rations sont garanties avec des unit\u00e9s de service telles que Q&amp;Q, SGS, BUREAU VERITAS.<br \/>\nNotre objectif : vous aider \u00e0 relever les d\u00e9fis en mati\u00e8re de qualit\u00e9, de s\u00e9curit\u00e9, de responsabilit\u00e9 sociale et de d\u00e9veloppement durable.[\/vc_column_text][\/vc_column_inner][\/vc_row_inner][vc_custom_heading text=\u00a0\u00bbHistoire\u00a0\u00bb use_theme_fonts=\u00a0\u00bbyes\u00a0\u00bb][vc_column_text]Sea Never Dry Sarl a \u00e9t\u00e9 enti\u00e8rement \u00e9tablie en 2009 en tant que soci\u00e9t\u00e9 \u00e0 responsabilit\u00e9 limit\u00e9e et son si\u00e8ge social est situ\u00e9 \u00e0 Lom\u00e9, au Togo. En plus des services d&rsquo;agence maritime, elle propose toute une gamme de services d\u00e9riv\u00e9s des appels de navires au Togo et dans d&rsquo;autres ports d&rsquo;Afrique de l&rsquo;Ouest.[\/vc_column_text][vc_custom_heading text=\u00a0\u00bbNos Partenaires\u00a0\u00bb use_theme_fonts=\u00a0\u00bbyes\u00a0\u00bb][stm_image_carousel grayscale=\u00a0\u00bbyes\u00a0\u00bb img_size=\u00a0\u00bbfull\u00a0\u00bb autoplay=\u00a0\u00bbyes\u00a0\u00bb items=\u00a0\u00bb5&Prime; items_mobile=\u00a0\u00bb2&Prime; images=\u00a0\u00bb1445,1446,1440,1439,1490,1491,1492,1474&Prime; css=\u00a0\u00bb.vc_custom_1711432800073{margin-bottom: 80px !important;}\u00a0\u00bb][\/vc_column][\/vc_row][vc_row full_width=\u00a0\u00bbstretch_row\u00a0\u00bb el_class=\u00a0\u00bbsecondary_bg_color\u00a0\u00bb css=\u00a0\u00bb.vc_custom_1447734480631{margin-bottom: 0px !important;}\u00a0\u00bb][vc_column][vc_cta h2=\u00a0\u00bbVous n&rsquo;\u00eates pas s\u00fbr de quelle solution r\u00e9pond le mieux \u00e0 vos besoins commerciaux ?\u00a0\u00bb shape=\u00a0\u00bbsquare\u00a0\u00bb add_button=\u00a0\u00bbright\u00a0\u00bb btn_title=\u00a0\u00bbContact Now\u00a0\u00bb btn_style=\u00a0\u00bboutline\u00a0\u00bb btn_shape=\u00a0\u00bbround\u00a0\u00bb btn_color=\u00a0\u00bbwhite\u00a0\u00bb btn_i_align=\u00a0\u00bbright\u00a0\u00bb btn_i_icon_fontawesome=\u00a0\u00bbstm-arrow-next\u00a0\u00bb btn_add_icon=\u00a0\u00bbtrue\u00a0\u00bb el_class=\u00a0\u00bbsecondary_bg_color\u00a0\u00bb][\/vc_cta][\/vc_column][\/vc_row]<\/p>\n<\/div>","protected":false},"excerpt":{"rendered":"<p>[vc_row][vc_column][vc_row_inner css=\u00a0\u00bb.vc_custom_1449140720718{margin-bottom: 0px !important;}\u00a0\u00bb][vc_column_inner offset=\u00a0\u00bbvc_hidden-xs\u00a0\u00bb css=\u00a0\u00bb.vc_custom_1449140656921{margin-bottom: 80px !important;}\u00a0\u00bb][rev_slider_vc alias=\u00a0\u00bbabout_us_slider\u00a0\u00bb][vc_column_text css=\u00a0\u00bb.vc_custom_1711087705499{margin-bottom: 30px !important;}\u00a0\u00bb]\u00c0 propos de nous &#8211; Sea Never Dry Maritime Services &nbsp; Sea Never Dry Maritime Services a \u00e9t\u00e9 cr\u00e9\u00e9 pour r\u00e9pondre \u00e0&#8230;<\/p>\n","protected":false},"author":1,"featured_media":0,"parent":0,"menu_order":0,"comment_status":"closed","ping_status":"closed","template":"","meta":{"footnotes":""},"class_list":["post-415","page","type-page","status-publish","hentry"],"_links":{"self":[{"href":"https:\/\/seaneverdryservices.com\/index.php\/wp-json\/wp\/v2\/pages\/415","targetHints":{"allow":["GET"]}}],"collection":[{"href":"https:\/\/seaneverdryservices.com\/index.php\/wp-json\/wp\/v2\/pages"}],"about":[{"href":"https:\/\/seaneverdryservices.com\/index.php\/wp-json\/wp\/v2\/types\/page"}],"author":[{"embeddable":true,"href":"https:\/\/seaneverdryservices.com\/index.php\/wp-json\/wp\/v2\/users\/1"}],"replies":[{"embeddable":true,"href":"https:\/\/seaneverdryservices.com\/index.php\/wp-json\/wp\/v2\/comments?post=415"}],"version-history":[{"count":11,"href":"https:\/\/seaneverdryservices.com\/index.php\/wp-json\/wp\/v2\/pages\/415\/revisions"}],"predecessor-version":[{"id":1494,"href":"https:\/\/seaneverdryservices.com\/index.php\/wp-json\/wp\/v2\/pages\/415\/revisions\/1494"}],"wp:attachment":[{"href":"https:\/\/seaneverdryservices.com\/index.php\/wp-json\/wp\/v2\/media?parent=415"}],"curies":[{"name":"wp","href":"https:\/\/api.w.org\/{rel}","templated":true}]}}